{"id":157,"date":"2020-06-05T17:52:03","date_gmt":"2020-06-05T15:52:03","guid":{"rendered":"https:\/\/amayse.com\/super-wide-print\/?page_id=157"},"modified":"2021-07-27T10:08:24","modified_gmt":"2021-07-27T08:08:24","slug":"ydelser","status":"publish","type":"page","link":"https:\/\/amayse.com\/super-wide-print\/da\/ydelser\/","title":{"rendered":"Ydelser"},"content":{"rendered":"<div class=\"wpb-content-wrapper\"><p>[vc_row css=&#8221;.vc_custom_1588055711826{margin-top: 100px !important;}&#8221;][vc_column][vc_column_text]<\/p>\n<h1 class=\"p1\" style=\"text-align: center;\">N\u00e5r du v\u00e6lger Amayse, kan du forvente det h\u00f8jeste niveau af service og support<\/h1>\n<p>[\/vc_column_text][\/vc_column][\/vc_row][vc_row css=&#8221;.vc_custom_1588056105080{margin-top: 50px !important;}&#8221;][vc_column width=&#8221;1\/6&#8243;][\/vc_column][vc_column width=&#8221;2\/3&#8243;][vc_accordion active_tab=&#8221;0&#8243; collapsible=&#8221;yes&#8221; title_size=&#8221;h3&#8243; style=&#8221;3&#8243;][vc_accordion_tab title=&#8221;Konsultation og Konceptualisering&#8221;][vc_column_text]<\/p>\n<p id=\"tw-target-text\" class=\"tw-data-text tw-text-large XcVN5d tw-ta\" dir=\"ltr\" data-placeholder=\"Overs\u00e6ttelse\"><span lang=\"da\">Hvert projekt er unikt i sig selv, og vigtigst af alt, har hver kunde unikke krav. Derfor er de fleste af vores l\u00f8sninger lavet p\u00e5 m\u00e5l og tilpasset, hvilket kr\u00e6ver n\u00f8jagtige opm\u00e5linger ledsaget af vores ekspertise inden for r\u00e5dgivning om de bedste materialer til projektet. <\/span><\/p>\n<p class=\"tw-data-text tw-text-large XcVN5d tw-ta\" dir=\"ltr\" data-placeholder=\"Overs\u00e6ttelse\"><span lang=\"da\">Vi leverer designsimuleringer, der hj\u00e6lper dig med at visualisere dine ideer og til at fremh\u00e6ve potentielle forbedringsomr\u00e5der. <\/span><\/p>\n<p class=\"tw-data-text tw-text-large XcVN5d tw-ta\" dir=\"ltr\" data-placeholder=\"Overs\u00e6ttelse\"><span lang=\"da\">Pr\u00e6cise opm\u00e5linger, tilpasning og erfaring hj\u00e6lper os med at opn\u00e5 en perfekt udf\u00f8relse.<\/span><\/p>\n<p>[\/vc_column_text][\/vc_accordion_tab][vc_accordion_tab title=&#8221;Account Management&#8221;][vc_column_text]<\/p>\n<div class=\"jhH5U\">\n<div id=\"tw-ob\" class=\"tw-src-ltr\">\n<div class=\"oSioSc\">\n<div id=\"tw-target\">\n<div id=\"kAz1tf\" class=\"g9WsWb\">\n<div id=\"tw-target-text-container\" class=\"tw-ta-container hide-focus-ring tw-nfl\" tabindex=\"0\">\n<p id=\"tw-target-text\" class=\"tw-data-text tw-text-large XcVN5d tw-ta\" dir=\"ltr\" data-placeholder=\"Overs\u00e6ttelse\"><span lang=\"da\">De gode forhold, vi har med vores klienter, er kernen i den service, vi leverer, og er vigtig for at levere de f\u00f8rsteklasses resultater, som vi er blevet synonyme med. Gennem \u00e5ben dialog og regelm\u00e6ssig korrespondance vil vores Sales Manager sikre en smertefri levering p\u00e5 tv\u00e6rs af alle aspekter af dit projekt. <\/span><\/p>\n<p class=\"tw-data-text tw-text-large XcVN5d tw-ta\" dir=\"ltr\" data-placeholder=\"Overs\u00e6ttelse\"><span lang=\"da\">Vi er holdspillere, i stand til at tilpasse os sene eller uventede \u00e6ndringer og er altid dedikerede til at finde den bedste l\u00f8sning for vores klienter.<\/span><\/p>\n<\/div>\n<\/div>\n<\/div>\n<\/div>\n<\/div>\n<\/div>\n<p>[\/vc_column_text][\/vc_accordion_tab][vc_accordion_tab title=&#8221;Design Ekspertise&#8221;][vc_column_text]<\/p>\n<p id=\"tw-target-text\" class=\"tw-data-text tw-text-large XcVN5d tw-ta\" dir=\"ltr\" data-placeholder=\"Overs\u00e6ttelse\"><span lang=\"da\">Vi har et erfarent internt designteam, der er specialiseret i at levere f\u00f8rsteklasses resultater. De er ansvarlige for at sikre, at de kreative koncepter og branding pr\u00e6senteres bedst, idet de f\u00e5r mest mulig ud af den tilg\u00e6ngelige plads, der r\u00e5dgives om brugen af \u200b\u200bfarver, former og layout i henhold til det specifikke opl\u00e6g.<\/span><\/p>\n<p>[\/vc_column_text][\/vc_accordion_tab][vc_accordion_tab title=&#8221;Hurtig produktionstid&#8221;][vc_column_text]<\/p>\n<p id=\"tw-target-text\" class=\"tw-data-text tw-text-large XcVN5d tw-ta\" dir=\"ltr\" data-placeholder=\"Overs\u00e6ttelse\"><span lang=\"da\">Vi servicerer det danske marked gennem vores faciliteter i Vejle, hvor vi har mulighed for at printe on-site med kort varsel.<\/span><\/p>\n<p class=\"tw-data-text tw-text-large XcVN5d tw-ta\" dir=\"ltr\" data-placeholder=\"Overs\u00e6ttelse\"><span lang=\"da\">Vi har investeret i de nyeste og bedste Super Wide printere, der giver os mulighed for at levere kompromisl\u00f8s visuel kvalitet og bruge en r\u00e6kke kvalitetsmaterialer, der passer til det bredeste udvalg af krav.<\/span><\/p>\n<ul>\n<li>Super Wide Digitalprint op til 5,00 m.<\/li>\n<li>Storformat Digital Flatbedprint op til 3,20 m.<\/li>\n<li>Lakering og die-cut<\/li>\n<li>Efterbehandling, f.eks. svejsning, syning, kantforst\u00e6rkning og emballering.<\/li>\n<\/ul>\n<p><span lang=\"da\">Vores produkt- og systemviden er omfattende, og vi er stolte af at levere den bedst mulige l\u00f8sning til hver situation, og garanterer optimale resultater.<br \/>\n<\/span><\/p>\n<ul>\n<li><span lang=\"da\">Anti-genskin<\/span><\/li>\n<li><span lang=\"da\">Slidst\u00e6rk<\/span><\/li>\n<li><span lang=\"da\">B\u00e6redygtighed<\/span><\/li>\n<li><span lang=\"da\">Lav vedligeholdelse<\/span><\/li>\n<li><span lang=\"da\">Nem installation<br \/>\n<\/span><\/li>\n<\/ul>\n<p>[\/vc_column_text][\/vc_accordion_tab][vc_accordion_tab title=&#8221;Fleksibel og p\u00e5lidelig levering&#8221;][vc_column_text]Vi har indg\u00e5et aftaler med de mest p\u00e5lidelige logistikvirksomheder. Dette sikrer at vores leveringstider holdes p\u00e5 et minimum, og vores kunder kan stole p\u00e5 os, n\u00e5r de arbejder mod stramme deadlines.[\/vc_column_text][\/vc_accordion_tab][\/vc_accordion][\/vc_column][vc_column width=&#8221;1\/6&#8243;][\/vc_column][\/vc_row][vc_row full_width=&#8221;stretch_row&#8221; bg_type=&#8221;bg_color&#8221; css=&#8221;.vc_custom_1588056558244{margin-top: 100px !important;padding-top: 50px !important;padding-bottom: 50px !important;}&#8221; bg_color_value=&#8221;#2d2d2e&#8221;][vc_column][\/vc_column][vc_column width=&#8221;1\/2&#8243;][vc_column_text]<\/p>\n<h2 class=\"p1\"><span class=\"s1\" style=\"color: #ffffff;\"><b>Print Guidelines<\/b><\/span><\/h2>\n<p>[\/vc_column_text][vc_column_text]<\/p>\n<p id=\"tw-target-text\" class=\"tw-data-text tw-text-large XcVN5d tw-ta\" dir=\"ltr\" data-placeholder=\"Overs\u00e6ttelse\"><span style=\"color: #ffffff;\">Alt grafik gennemg\u00e5s af erfarne medlemmer af vores design- og produktionsteam for at sikre, at alt er klart til at opn\u00e5 fremragende resultater inden for den \u00f8nskede leveringsgato.<\/span><\/p>\n<p class=\"tw-data-text tw-text-large XcVN5d tw-ta\" dir=\"ltr\" data-placeholder=\"Overs\u00e6ttelse\"><span style=\"color: #ffffff;\">Herunder er nogle retningslinjer, som du m\u00e5ske kan finde nyttige at henvise til, og som vil g\u00f8re det lettere at levere den rigtige printfil fra start., Vi er altid tilg\u00e6ngelige for at hj\u00e6lpe dig p\u00e5 ethvert tidspunkt af processen.<\/span><\/p>\n<p>[\/vc_column_text][\/vc_column][vc_column width=&#8221;1\/2&#8243;][vc_tta_tabs style=&#8221;flat&#8221; spacing=&#8221;2&#8243; gap=&#8221;2&#8243; active_section=&#8221;1&#8243;][vc_tta_section title=&#8221;Printfiler&#8221; tab_id=&#8221;1592214540115-8a620da8-6b58&#8243;]<div class=\"standard-arrow list-divider bullet-top\"><p>Brug af vektorfiler er den sikreste m\u00e5de at sikre, at dine illustrationer udvides til de korrekte dimensioner uden at pixelere. Vi anbefaler at bruge Adobe Illustrator eller Adobe InDesign til at oprette dine illustrationer.<\/p>\n<ul>\n<li>Anbefalede filformater: PDF eller EPS.<\/li>\n<li>Husk at gemme din PDF som en &#8220;High Quality \/ Press Ready Print&#8221;<\/li>\n<li>S\u00f8rg for, at alle dine skrifttyper er indlejret eller er konverteret til stier for at sikre, at vi ikke mister nogen data, n\u00e5r vi \u00e5bner din fil.<\/li>\n<li>Alle filer leveres UDEN sk\u00e6restreger\/crop marks og bleed medmindre andet er specificeret.<\/li>\n<li>Filer sendes gerne via wetransfer.com, myairbridge.com eller lignende.<\/li>\n<\/ul>\n<\/div>[\/vc_tta_section][vc_tta_section title=&#8221;Farver&#8221; tab_id=&#8221;1592214540156-eb3323fc-a148&#8243;]<div class=\"standard-arrow list-divider bullet-top\"><ul>\n<li>Alle filer leveres i CMYK farverum, da der printes med CMYK farver.<\/li>\n<li>Filer leveret i RGB farverum vil kunne afvige fra det forventede resultat.<\/li>\n<li>Alle Pantonefarver konverteres til CMYK i RIP\u2019en baseret p\u00e5 en farveprofil. Der printes aldrig med Pantonefarver.<\/li>\n<li>For at opn\u00e5 en god dyb sort farve anvendes f\u00f8lgende CMYK v\u00e6rdi: 75 75 50 100.<\/li>\n<\/ul>\n<\/div>[\/vc_tta_section][vc_tta_section title=&#8221;Billeder&#8221; tab_id=&#8221;1592215290904-c3841128-c24c&#8221;][vc_column_text]Billeder og logoer embeddes i filerne. Er de ikke det, kan vi ikke n\u00f8dvendigvis klarg\u00f8re filerne til print, og i nogle tilf\u00e6lde kan vi ikke rette op p\u00e5 evt. fejl i filerne inden printet s\u00e6ttes i gang. Filerne ville i s\u00e5 fald skulle tilbage omkring kunden.<\/p>\n<p>Som udgangspunkt anbefales der en opl\u00f8sning p\u00e5 300 ppi p\u00e5 alle billeder. Men da dette kan v\u00e6re sv\u00e6rt at overholde til storformat print, afh\u00e6ngig af st\u00f8rrelsen p\u00e5 det endelige format, anbefaler vi at man s\u00e5 vidt muligt ikke g\u00e5r under 100 ppi. Den synlige forskel mellem 300 og 100 ppi til storformatprint er ofte minimal. Man kan i nogle tilf\u00e6lde f\u00e5 brug for at g\u00e5 endnu l\u00e6ngere ned i opl\u00f8sning, for at undg\u00e5 for store filst\u00f8rrelser. I disse tilf\u00e6lde er det sj\u00e6ldent et problem, da betragtningsafstanden ofte er relativ stor.[\/vc_column_text][\/vc_tta_section][vc_tta_section title=&#8221;Print p\u00e5 vinyl \/ Sk\u00e6rekontur&#8221; tab_id=&#8221;1592215487959-cbf15b6b-4dd2&#8243;]<div class=\"standard-arrow list-divider bullet-top\"><p>Vinyl sk\u00e6res som udgangspunkt p\u00e5 sk\u00e6reanl\u00e6g, hvorfor printfiler skal levers med sk\u00e6rekontur og bleed.<\/p>\n<ul>\n<li>Sk\u00e6rekonturen defineres som en streg\/stroke med tykkelsen 0,2 pt i en Spot Color navngivet \u201dCut\u201d. Stregen\/stroken skal v\u00e6re centreret.<\/li>\n<li>Der laves bleed p\u00e5 3 mm omkring hele sk\u00e6rekonturen.<\/li>\n<li>Overprint Stroke skal v\u00e6re sl\u00e5et til p\u00e5 sk\u00e6rekonturen.<\/li>\n<li>Er der en Clipping Mask i jobbet, er det vigtigt at sk\u00e6rekonturen ikke ligger ud over clippingmasken, men kun ligger der hvor der skal sk\u00e6res.<\/li>\n<\/ul>\n<\/div>[\/vc_tta_section][\/vc_tta_tabs][\/vc_column][\/vc_row][vc_row source=&#8221;&#8221; text=&#8221;Find out how 3D CamCarpets can improve your media value&#8221; font_container=&#8221;tag:h2|font_size:32|text_align:center|color:%23e3c056|line_height:1.2em&#8221; use_theme_fonts=&#8221;yes&#8221; google_fonts=&#8221;font_family:Abril%20Fatface%3Aregular|font_style:400%20regular%3A400%3Anormal&#8221; link=&#8221;&#8221; css=&#8221;.vc_custom_1592218180886{margin-top: 100px !important;margin-bottom: 100px !important;}&#8221;][vc_column width=&#8221;1\/6&#8243;][\/vc_column][vc_column width=&#8221;2\/3&#8243;][vc_column_text css=&#8221;.vc_custom_1592217943152{margin-bottom: 25px !important;}&#8221;]<\/p>\n<h2 style=\"text-align: center;\">Vi efterbehandler dine print baseret p\u00e5 dine specifikke krav.<\/h2>\n<p>[\/vc_column_text]<div class=\" ubtn-ctn-center \"><a class=\"ubtn-link ult-adjust-bottom-margin ubtn-center ubtn-normal \" href=\"https:\/\/amayse.com\/sports-branding\/contact\/\" ><button type=\"button\" id=\"ubtn-4376\"  class=\"ubtn ult-adjust-bottom-margin ult-responsive ubtn-normal ubtn-no-hover-bg  ulta-grow  ubtn-center   tooltip-69e9f0aac6f17\"  data-hover=\"\" data-border-color=\"\" data-bg=\"#2c3b9c\" data-hover-bg=\"\" data-border-hover=\"\" data-shadow-hover=\"\" data-shadow-click=\"none\" data-shadow=\"\" data-shd-shadow=\"\"  data-ultimate-target='#ubtn-4376'  data-responsive-json-new='{\"font-size\":\"desktop:20px;\",\"line-height\":\"\"}'  style=\"font-family:&#039;Montserrat&#039;;font-weight:600;border-radius:50px;border-width:1px;border-color:;border-style:solid;background: #2c3b9c;color: #ffffff;\"><span class=\"ubtn-hover\" style=\"background-color:\"><\/span><span class=\"ubtn-data ubtn-text \" >H\u00f8r om mulighederne<\/span><\/button><\/a><\/div>[\/vc_column][vc_column width=&#8221;1\/6&#8243;][\/vc_column][\/vc_row]<\/p>\n<\/div>","protected":false},"excerpt":{"rendered":"<p>[vc_row css=&#8221;.vc_custom_1588055711826{margin-top: 100px !important;}&#8221;][vc_column][vc_column_text] N\u00e5r du v\u00e6lger Amayse, kan du forvente det h\u00f8jeste niveau af service og support [\/vc_column_text][\/vc_column][\/vc_row][vc_row css=&#8221;.vc_custom_1588056105080{margin-top: 50px !important;}&#8221;][vc_column width=&#8221;1\/6&#8243;][\/vc_column][vc_column width=&#8221;2\/3&#8243;][vc_accordion active_tab=&#8221;0&#8243; collapsible=&#8221;yes&#8221; title_size=&#8221;h3&#8243; style=&#8221;3&#8243;][vc_accordion_tab title=&#8221;Konsultation og Konceptualisering&#8221;][vc_column_text] Hvert projekt er unikt i sig selv, og vigtigst af alt, har hver kunde unikke krav. Derfor er de fleste af vores l\u00f8sninger lavet&hellip;<\/p>\n","protected":false},"author":3,"featured_media":0,"parent":0,"menu_order":0,"comment_status":"closed","ping_status":"closed","template":"","meta":[],"class_list":["post-157","page","type-page","status-publish","hentry","description-off"],"yoast_head":"<!-- This site is optimized with the Yoast SEO plugin v27.4 - https:\/\/yoast.com\/product\/yoast-seo-wordpress\/ -->\n<title>Vores Ydelser indenfor Storformat Print til Erhverv &#8226; Amayse<\/title>\n<meta name=\"description\" content=\"Hvert projekt er unikt i sig selv, og vigtigst af alt, har hver kunde unikke krav. Derfor skr\u00e6ddersyr vi vores ydelser og produkter til dette.\" \/>\n<meta name=\"robots\" content=\"index, follow, max-snippet:-1, max-image-preview:large, max-video-preview:-1\" \/>\n<link rel=\"canonical\" href=\"https:\/\/amayse.com\/super-wide-print\/da\/ydelser\/\" \/>\n<meta property=\"og:locale\" content=\"en_GB\" \/>\n<meta property=\"og:type\" content=\"article\" \/>\n<meta property=\"og:title\" content=\"Vores Ydelser indenfor Storformat Print til Erhverv &#8226; Amayse\" \/>\n<meta property=\"og:description\" content=\"Hvert projekt er unikt i sig selv, og vigtigst af alt, har hver kunde unikke krav. Derfor skr\u00e6ddersyr vi vores ydelser og produkter til dette.\" \/>\n<meta property=\"og:url\" content=\"https:\/\/amayse.com\/super-wide-print\/da\/ydelser\/\" \/>\n<meta property=\"og:site_name\" content=\"Amayse Super Wide Print\" \/>\n<meta property=\"article:publisher\" content=\"https:\/\/www.facebook.com\/AmayseSuperWidePrint\/\" \/>\n<meta property=\"article:modified_time\" content=\"2021-07-27T08:08:24+00:00\" \/>\n<meta name=\"twitter:card\" content=\"summary_large_image\" \/>\n<script type=\"application\/ld+json\" class=\"yoast-schema-graph\">{\"@context\":\"https:\\\/\\\/schema.org\",\"@graph\":[{\"@type\":\"WebPage\",\"@id\":\"https:\\\/\\\/amayse.com\\\/super-wide-print\\\/da\\\/ydelser\\\/\",\"url\":\"https:\\\/\\\/amayse.com\\\/super-wide-print\\\/da\\\/ydelser\\\/\",\"name\":\"Vores Ydelser indenfor Storformat Print til Erhverv &#8226; Amayse\",\"isPartOf\":{\"@id\":\"https:\\\/\\\/amayse.com\\\/super-wide-print\\\/#website\"},\"datePublished\":\"2020-06-05T15:52:03+00:00\",\"dateModified\":\"2021-07-27T08:08:24+00:00\",\"description\":\"Hvert projekt er unikt i sig selv, og vigtigst af alt, har hver kunde unikke krav. Derfor skr\u00e6ddersyr vi vores ydelser og produkter til dette.\",\"inLanguage\":\"en-GB\",\"potentialAction\":[{\"@type\":\"ReadAction\",\"target\":[\"https:\\\/\\\/amayse.com\\\/super-wide-print\\\/da\\\/ydelser\\\/\"]}]},{\"@type\":\"WebSite\",\"@id\":\"https:\\\/\\\/amayse.com\\\/super-wide-print\\\/#website\",\"url\":\"https:\\\/\\\/amayse.com\\\/super-wide-print\\\/\",\"name\":\"Amayse Super Wide Print\",\"description\":\"\",\"potentialAction\":[{\"@type\":\"SearchAction\",\"target\":{\"@type\":\"EntryPoint\",\"urlTemplate\":\"https:\\\/\\\/amayse.com\\\/super-wide-print\\\/?s={search_term_string}\"},\"query-input\":{\"@type\":\"PropertyValueSpecification\",\"valueRequired\":true,\"valueName\":\"search_term_string\"}}],\"inLanguage\":\"en-GB\"}]}<\/script>\n<!-- \/ Yoast SEO plugin. -->","yoast_head_json":{"title":"Vores Ydelser indenfor Storformat Print til Erhverv &#8226; Amayse","description":"Hvert projekt er unikt i sig selv, og vigtigst af alt, har hver kunde unikke krav. Derfor skr\u00e6ddersyr vi vores ydelser og produkter til dette.","robots":{"index":"index","follow":"follow","max-snippet":"max-snippet:-1","max-image-preview":"max-image-preview:large","max-video-preview":"max-video-preview:-1"},"canonical":"https:\/\/amayse.com\/super-wide-print\/da\/ydelser\/","og_locale":"en_GB","og_type":"article","og_title":"Vores Ydelser indenfor Storformat Print til Erhverv &#8226; Amayse","og_description":"Hvert projekt er unikt i sig selv, og vigtigst af alt, har hver kunde unikke krav. Derfor skr\u00e6ddersyr vi vores ydelser og produkter til dette.","og_url":"https:\/\/amayse.com\/super-wide-print\/da\/ydelser\/","og_site_name":"Amayse Super Wide Print","article_publisher":"https:\/\/www.facebook.com\/AmayseSuperWidePrint\/","article_modified_time":"2021-07-27T08:08:24+00:00","twitter_card":"summary_large_image","schema":{"@context":"https:\/\/schema.org","@graph":[{"@type":"WebPage","@id":"https:\/\/amayse.com\/super-wide-print\/da\/ydelser\/","url":"https:\/\/amayse.com\/super-wide-print\/da\/ydelser\/","name":"Vores Ydelser indenfor Storformat Print til Erhverv &#8226; Amayse","isPartOf":{"@id":"https:\/\/amayse.com\/super-wide-print\/#website"},"datePublished":"2020-06-05T15:52:03+00:00","dateModified":"2021-07-27T08:08:24+00:00","description":"Hvert projekt er unikt i sig selv, og vigtigst af alt, har hver kunde unikke krav. Derfor skr\u00e6ddersyr vi vores ydelser og produkter til dette.","inLanguage":"en-GB","potentialAction":[{"@type":"ReadAction","target":["https:\/\/amayse.com\/super-wide-print\/da\/ydelser\/"]}]},{"@type":"WebSite","@id":"https:\/\/amayse.com\/super-wide-print\/#website","url":"https:\/\/amayse.com\/super-wide-print\/","name":"Amayse Super Wide Print","description":"","potentialAction":[{"@type":"SearchAction","target":{"@type":"EntryPoint","urlTemplate":"https:\/\/amayse.com\/super-wide-print\/?s={search_term_string}"},"query-input":{"@type":"PropertyValueSpecification","valueRequired":true,"valueName":"search_term_string"}}],"inLanguage":"en-GB"}]}},"_links":{"self":[{"href":"https:\/\/amayse.com\/super-wide-print\/wp-json\/wp\/v2\/pages\/157","targetHints":{"allow":["GET"]}}],"collection":[{"href":"https:\/\/amayse.com\/super-wide-print\/wp-json\/wp\/v2\/pages"}],"about":[{"href":"https:\/\/amayse.com\/super-wide-print\/wp-json\/wp\/v2\/types\/page"}],"author":[{"embeddable":true,"href":"https:\/\/amayse.com\/super-wide-print\/wp-json\/wp\/v2\/users\/3"}],"replies":[{"embeddable":true,"href":"https:\/\/amayse.com\/super-wide-print\/wp-json\/wp\/v2\/comments?post=157"}],"version-history":[{"count":28,"href":"https:\/\/amayse.com\/super-wide-print\/wp-json\/wp\/v2\/pages\/157\/revisions"}],"predecessor-version":[{"id":1375,"href":"https:\/\/amayse.com\/super-wide-print\/wp-json\/wp\/v2\/pages\/157\/revisions\/1375"}],"wp:attachment":[{"href":"https:\/\/amayse.com\/super-wide-print\/wp-json\/wp\/v2\/media?parent=157"}],"curies":[{"name":"wp","href":"https:\/\/api.w.org\/{rel}","templated":true}]}}