{"id":75,"date":"2020-06-05T15:24:32","date_gmt":"2020-06-05T13:24:32","guid":{"rendered":"https:\/\/amayse.com\/super-wide-print\/?page_id=75"},"modified":"2020-08-05T12:34:12","modified_gmt":"2020-08-05T10:34:12","slug":"kontakt","status":"publish","type":"page","link":"https:\/\/amayse.com\/super-wide-print\/da\/kontakt\/","title":{"rendered":"Kontakt"},"content":{"rendered":"<div class=\"wpb-content-wrapper\"><p>[vc_section css=&#8221;.vc_custom_1587968445797{margin-bottom: 65px !important;}&#8221;][vc_row][vc_column][vc_column_text]<\/p>\n<h1>Skal vi hj\u00e6lpe dig med at skabe effektiv og v\u00e6rdiskabende brand eksponering?<\/h1>\n<h3>Har du et projekt i tankerne? Vi vil elske at h\u00f8re om det.<\/h3>\n<p>[\/vc_column_text][\/vc_column][\/vc_row][vc_row gap=&#8221;35&#8243; equal_height=&#8221;yes&#8221;][vc_column width=&#8221;2\/3&#8243;][vc_raw_html]JTVCd3Bmb3JtcyUyMGlkJTNEJTIyOTY1JTIyJTIwdGl0bGUlM0QlMjJmYWxzZSUyMiUyMGRlc2NyaXB0aW9uJTNEJTIyZmFsc2UlMjIlNUQ=[\/vc_raw_html][\/vc_column][vc_column width=&#8221;1\/3&#8243; css=&#8221;.vc_custom_1587969451030{padding-top: 35px !important;padding-right: 35px !important;padding-bottom: 35px !important;padding-left: 35px !important;background-color: #2d2d2e !important;}&#8221;][vc_column_text]<\/p>\n<h3><\/h3>\n<h3><span style=\"color: #8192a3;\">Danmark<\/span><\/h3>\n<p><span style=\"color: #ffffff;\">Headquarters\/Production<\/span><br \/>\n<span style=\"color: #ffffff;\">Tysklandsvej 6, 7100 Vejle<\/span><br \/>\n<span style=\"color: #ffffff;\">Denmark<\/span><\/p>\n<p><span style=\"color: #ffffff;\">Tel: +45 76 401 300<\/span><br \/>\n<span style=\"color: #ffffff;\">Email: sales@amayse.com<\/span><\/p>\n<p>&nbsp;<\/p>\n<h3><span style=\"color: #8192a3;\">Storbritannien<\/span><\/h3>\n<p><span style=\"color: #ffffff;\">Sales Office\/Production<\/span><br \/>\n<span style=\"color: #ffffff;\">Unit C4, Sandown Industrial Estate, Mill Road,<\/span><br \/>\n<span style=\"color: #ffffff;\">Esher, Surrey, KT10 8BL<\/span><\/p>\n<p><span style=\"color: #ffffff;\">Tel:\u00a0+44 1932 345 674<\/span><br \/>\n<span style=\"color: #ffffff;\">Email: sales@amayse.com<\/span>[\/vc_column_text][vc_separator color=&#8221;custom&#8221; align=&#8221;align_left&#8221; el_width=&#8221;70&#8243; accent_color=&#8221;#dbdbdb&#8221;][vc_column_text css=&#8221;.vc_custom_1596623647845{margin-top: 25px !important;}&#8221;]<\/p>\n<h3><span style=\"color: #8192a3;\"><strong>Nyhedsbrev<\/strong><\/span><\/h3>\n<p><a href=\"https:\/\/amayse.com\/super-wide-print\/news-views\/subscribe-to-news-views\/\" target=\"_blank\" rel=\"noopener noreferrer\"><span style=\"color: #ffffff;\">Tilmeld dig til vores nyhedsbrev<\/span><\/a>[\/vc_column_text][vc_column_text css=&#8221;.vc_custom_1592228055980{margin-top: 25px !important;}&#8221;]<\/p>\n<h3><span style=\"color: #8192a3;\"><strong>F\u00f8lg os<\/strong><\/span><\/h3>\n<p>[\/vc_column_text]<style type=\"text\/css\" data-type=\"the7_shortcodes-inline-css\">.dt-shortcode-soc-icons.soc-icons-b77911eb44cedc954b331bd16ce2bf11 a {\n  margin-right: 4px;\n}\n.dt-shortcode-soc-icons a.soc-icons-b77911eb44cedc954b331bd16ce2bf11 {\n  min-width: ;\n  min-height: ;\n  font-size: ;\n  border-radius: ;\n  margin-right: 4px;\n}\n.dt-shortcode-soc-icons a.soc-icons-b77911eb44cedc954b331bd16ce2bf11:last-child {\n  margin-right: 0;\n}\n.dt-shortcode-soc-icons a.soc-icons-b77911eb44cedc954b331bd16ce2bf11:before,\n.dt-shortcode-soc-icons a.soc-icons-b77911eb44cedc954b331bd16ce2bf11:after {\n  min-width: ;\n  min-height: ;\n  padding: inherit;\n}\n.dt-shortcode-soc-icons a.soc-icons-b77911eb44cedc954b331bd16ce2bf11.dt-icon-border-on:before {\n  border:  solid ;\n}\n.dt-shortcode-soc-icons a.soc-icons-b77911eb44cedc954b331bd16ce2bf11.dt-icon-hover-border-on:after {\n  border:  solid ;\n}\n.dt-shortcode-soc-icons a.soc-icons-b77911eb44cedc954b331bd16ce2bf11:hover {\n  font-size: ;\n}\n.dt-shortcode-soc-icons a.soc-icons-b77911eb44cedc954b331bd16ce2bf11 .soc-font-icon,\n.dt-shortcode-soc-icons a.soc-icons-b77911eb44cedc954b331bd16ce2bf11 .soc-icon {\n  font-size: ;\n}\n<\/style><div class=\"dt-shortcode-soc-icons  soc-icons-b77911eb44cedc954b331bd16ce2bf11 soc-icons-left \" ><style type=\"text\/css\" data-type=\"the7_shortcodes-inline-css\">.dt-shortcode-soc-icons.single-soc-icon-b3425c0ef5ebd4533a272e94db8545f3 a {\n  margin-right: ;\n}\n.dt-shortcode-soc-icons a.single-soc-icon-b3425c0ef5ebd4533a272e94db8545f3 {\n  min-width: 30px;\n  min-height: 30px;\n  font-size: 20px;\n  border-radius: 100px;\n  margin-right: ;\n}\n.dt-shortcode-soc-icons a.single-soc-icon-b3425c0ef5ebd4533a272e94db8545f3:last-child {\n  margin-right: 0;\n}\n.dt-shortcode-soc-icons a.single-soc-icon-b3425c0ef5ebd4533a272e94db8545f3:before,\n.dt-shortcode-soc-icons a.single-soc-icon-b3425c0ef5ebd4533a272e94db8545f3:after {\n  min-width: 30px;\n  min-height: 30px;\n  padding: inherit;\n}\n.dt-shortcode-soc-icons a.single-soc-icon-b3425c0ef5ebd4533a272e94db8545f3.dt-icon-border-on:before {\n  border: 0px solid ;\n}\n.dt-shortcode-soc-icons a.single-soc-icon-b3425c0ef5ebd4533a272e94db8545f3.dt-icon-hover-border-on:after {\n  border: 0px solid ;\n}\n.dt-shortcode-soc-icons a.single-soc-icon-b3425c0ef5ebd4533a272e94db8545f3:hover {\n  font-size: 20px;\n}\n#page .dt-shortcode-soc-icons a.single-soc-icon-b3425c0ef5ebd4533a272e94db8545f3:hover .soc-font-icon,\n#phantom .dt-shortcode-soc-icons a.single-soc-icon-b3425c0ef5ebd4533a272e94db8545f3:hover .soc-font-icon,\n#page .dt-shortcode-soc-icons a.single-soc-icon-b3425c0ef5ebd4533a272e94db8545f3:hover .soc-icon,\n#phantom .dt-shortcode-soc-icons a.single-soc-icon-b3425c0ef5ebd4533a272e94db8545f3:hover .soc-icon {\n  color: #2d2d2e;\n  background: none;\n}\n#page .dt-shortcode-soc-icons a.single-soc-icon-b3425c0ef5ebd4533a272e94db8545f3.dt-icon-hover-bg-on:after,\n#phantom .dt-shortcode-soc-icons a.single-soc-icon-b3425c0ef5ebd4533a272e94db8545f3.dt-icon-hover-bg-on:after {\n  background: #8192a3;\n}\n#page .dt-shortcode-soc-icons a.single-soc-icon-b3425c0ef5ebd4533a272e94db8545f3:not(:hover) .soc-font-icon,\n#phantom .dt-shortcode-soc-icons a.single-soc-icon-b3425c0ef5ebd4533a272e94db8545f3:not(:hover) .soc-font-icon,\n#page .dt-shortcode-soc-icons a.single-soc-icon-b3425c0ef5ebd4533a272e94db8545f3:not(:hover) .soc-icon,\n#phantom .dt-shortcode-soc-icons a.single-soc-icon-b3425c0ef5ebd4533a272e94db8545f3:not(:hover) .soc-icon {\n  color: #8192a3;\n  background: none;\n}\n.dt-shortcode-soc-icons a.single-soc-icon-b3425c0ef5ebd4533a272e94db8545f3 .soc-font-icon,\n.dt-shortcode-soc-icons a.single-soc-icon-b3425c0ef5ebd4533a272e94db8545f3 .soc-icon {\n  font-size: 20px;\n}\n<\/style><a title=\"Linkedin\" href=\"http:\/\/linkedin.com\/showcase\/amayse-super-wide-print\"  target=\"_blank\"class=\"linkedin single-soc-icon-b3425c0ef5ebd4533a272e94db8545f3 dt-icon-bg-off dt-icon-hover-bg-on  \" ><i class=\"soc-icon soc-font-icon dt-icon-linkedin\"><\/i><span class=\"screen-reader-text\">Linkedin<\/span><\/a><style type=\"text\/css\" data-type=\"the7_shortcodes-inline-css\">.dt-shortcode-soc-icons.single-soc-icon-7db3b55cf2805cb4e313e7d519fdd592 a {\n  margin-right: ;\n}\n.dt-shortcode-soc-icons a.single-soc-icon-7db3b55cf2805cb4e313e7d519fdd592 {\n  min-width: 30px;\n  min-height: 30px;\n  font-size: 20px;\n  border-radius: 100px;\n  margin-right: ;\n}\n.dt-shortcode-soc-icons a.single-soc-icon-7db3b55cf2805cb4e313e7d519fdd592:last-child {\n  margin-right: 0;\n}\n.dt-shortcode-soc-icons a.single-soc-icon-7db3b55cf2805cb4e313e7d519fdd592:before,\n.dt-shortcode-soc-icons a.single-soc-icon-7db3b55cf2805cb4e313e7d519fdd592:after {\n  min-width: 30px;\n  min-height: 30px;\n  padding: inherit;\n}\n.dt-shortcode-soc-icons a.single-soc-icon-7db3b55cf2805cb4e313e7d519fdd592.dt-icon-border-on:before {\n  border: 0px solid ;\n}\n.dt-shortcode-soc-icons a.single-soc-icon-7db3b55cf2805cb4e313e7d519fdd592.dt-icon-hover-border-on:after {\n  border: 0px solid ;\n}\n.dt-shortcode-soc-icons a.single-soc-icon-7db3b55cf2805cb4e313e7d519fdd592:hover {\n  font-size: 20px;\n}\n#page .dt-shortcode-soc-icons a.single-soc-icon-7db3b55cf2805cb4e313e7d519fdd592:hover .soc-font-icon,\n#phantom .dt-shortcode-soc-icons a.single-soc-icon-7db3b55cf2805cb4e313e7d519fdd592:hover .soc-font-icon,\n#page .dt-shortcode-soc-icons a.single-soc-icon-7db3b55cf2805cb4e313e7d519fdd592:hover .soc-icon,\n#phantom .dt-shortcode-soc-icons a.single-soc-icon-7db3b55cf2805cb4e313e7d519fdd592:hover .soc-icon {\n  color: #2d2d2e;\n  background: none;\n}\n#page .dt-shortcode-soc-icons a.single-soc-icon-7db3b55cf2805cb4e313e7d519fdd592.dt-icon-hover-bg-on:after,\n#phantom .dt-shortcode-soc-icons a.single-soc-icon-7db3b55cf2805cb4e313e7d519fdd592.dt-icon-hover-bg-on:after {\n  background: #8192a3;\n}\n#page .dt-shortcode-soc-icons a.single-soc-icon-7db3b55cf2805cb4e313e7d519fdd592:not(:hover) .soc-font-icon,\n#phantom .dt-shortcode-soc-icons a.single-soc-icon-7db3b55cf2805cb4e313e7d519fdd592:not(:hover) .soc-font-icon,\n#page .dt-shortcode-soc-icons a.single-soc-icon-7db3b55cf2805cb4e313e7d519fdd592:not(:hover) .soc-icon,\n#phantom .dt-shortcode-soc-icons a.single-soc-icon-7db3b55cf2805cb4e313e7d519fdd592:not(:hover) .soc-icon {\n  color: #8192a3;\n  background: none;\n}\n.dt-shortcode-soc-icons a.single-soc-icon-7db3b55cf2805cb4e313e7d519fdd592 .soc-font-icon,\n.dt-shortcode-soc-icons a.single-soc-icon-7db3b55cf2805cb4e313e7d519fdd592 .soc-icon {\n  font-size: 20px;\n}\n<\/style><a title=\"Twitter\" href=\"https:\/\/twitter.com\/AmayseSuperWide\"  target=\"_blank\"class=\"twitter single-soc-icon-7db3b55cf2805cb4e313e7d519fdd592 dt-icon-bg-off dt-icon-hover-bg-on  \" ><i class=\"soc-icon soc-font-icon dt-icon-twitter\"><\/i><span class=\"screen-reader-text\">Twitter<\/span><\/a><style type=\"text\/css\" data-type=\"the7_shortcodes-inline-css\">.dt-shortcode-soc-icons.single-soc-icon-50d067125b084297b8cb1437716798f4 a {\n  margin-right: ;\n}\n.dt-shortcode-soc-icons a.single-soc-icon-50d067125b084297b8cb1437716798f4 {\n  min-width: 30px;\n  min-height: 30px;\n  font-size: 20px;\n  border-radius: 100px;\n  margin-right: ;\n}\n.dt-shortcode-soc-icons a.single-soc-icon-50d067125b084297b8cb1437716798f4:last-child {\n  margin-right: 0;\n}\n.dt-shortcode-soc-icons a.single-soc-icon-50d067125b084297b8cb1437716798f4:before,\n.dt-shortcode-soc-icons a.single-soc-icon-50d067125b084297b8cb1437716798f4:after {\n  min-width: 30px;\n  min-height: 30px;\n  padding: inherit;\n}\n.dt-shortcode-soc-icons a.single-soc-icon-50d067125b084297b8cb1437716798f4.dt-icon-border-on:before {\n  border: 0px solid ;\n}\n.dt-shortcode-soc-icons a.single-soc-icon-50d067125b084297b8cb1437716798f4.dt-icon-hover-border-on:after {\n  border: 0px solid ;\n}\n.dt-shortcode-soc-icons a.single-soc-icon-50d067125b084297b8cb1437716798f4:hover {\n  font-size: 20px;\n}\n#page .dt-shortcode-soc-icons a.single-soc-icon-50d067125b084297b8cb1437716798f4:hover .soc-font-icon,\n#phantom .dt-shortcode-soc-icons a.single-soc-icon-50d067125b084297b8cb1437716798f4:hover .soc-font-icon,\n#page .dt-shortcode-soc-icons a.single-soc-icon-50d067125b084297b8cb1437716798f4:hover .soc-icon,\n#phantom .dt-shortcode-soc-icons a.single-soc-icon-50d067125b084297b8cb1437716798f4:hover .soc-icon {\n  color: #2d2d2e;\n  background: none;\n}\n#page .dt-shortcode-soc-icons a.single-soc-icon-50d067125b084297b8cb1437716798f4.dt-icon-hover-bg-on:after,\n#phantom .dt-shortcode-soc-icons a.single-soc-icon-50d067125b084297b8cb1437716798f4.dt-icon-hover-bg-on:after {\n  background: #8192a3;\n}\n#page .dt-shortcode-soc-icons a.single-soc-icon-50d067125b084297b8cb1437716798f4:not(:hover) .soc-font-icon,\n#phantom .dt-shortcode-soc-icons a.single-soc-icon-50d067125b084297b8cb1437716798f4:not(:hover) .soc-font-icon,\n#page .dt-shortcode-soc-icons a.single-soc-icon-50d067125b084297b8cb1437716798f4:not(:hover) .soc-icon,\n#phantom .dt-shortcode-soc-icons a.single-soc-icon-50d067125b084297b8cb1437716798f4:not(:hover) .soc-icon {\n  color: #8192a3;\n  background: none;\n}\n.dt-shortcode-soc-icons a.single-soc-icon-50d067125b084297b8cb1437716798f4 .soc-font-icon,\n.dt-shortcode-soc-icons a.single-soc-icon-50d067125b084297b8cb1437716798f4 .soc-icon {\n  font-size: 20px;\n}\n<\/style><a title=\"Facebook\" href=\"https:\/\/www.facebook.com\/AmayseSuperWidePrint\/\"  target=\"_blank\"class=\"facebook single-soc-icon-50d067125b084297b8cb1437716798f4 dt-icon-bg-off dt-icon-hover-bg-on  \" ><i class=\"soc-icon soc-font-icon dt-icon-facebook\"><\/i><span class=\"screen-reader-text\">Facebook<\/span><\/a><style type=\"text\/css\" data-type=\"the7_shortcodes-inline-css\">.dt-shortcode-soc-icons.single-soc-icon-5088ca3c0505fe136d86e11f7263d215 a {\n  margin-right: ;\n}\n.dt-shortcode-soc-icons a.single-soc-icon-5088ca3c0505fe136d86e11f7263d215 {\n  min-width: 30px;\n  min-height: 30px;\n  font-size: 20px;\n  border-radius: 100px;\n  margin-right: ;\n}\n.dt-shortcode-soc-icons a.single-soc-icon-5088ca3c0505fe136d86e11f7263d215:last-child {\n  margin-right: 0;\n}\n.dt-shortcode-soc-icons a.single-soc-icon-5088ca3c0505fe136d86e11f7263d215:before,\n.dt-shortcode-soc-icons a.single-soc-icon-5088ca3c0505fe136d86e11f7263d215:after {\n  min-width: 30px;\n  min-height: 30px;\n  padding: inherit;\n}\n.dt-shortcode-soc-icons a.single-soc-icon-5088ca3c0505fe136d86e11f7263d215.dt-icon-border-on:before {\n  border: 0px solid ;\n}\n.dt-shortcode-soc-icons a.single-soc-icon-5088ca3c0505fe136d86e11f7263d215.dt-icon-hover-border-on:after {\n  border: 0px solid ;\n}\n.dt-shortcode-soc-icons a.single-soc-icon-5088ca3c0505fe136d86e11f7263d215:hover {\n  font-size: 20px;\n}\n#page .dt-shortcode-soc-icons a.single-soc-icon-5088ca3c0505fe136d86e11f7263d215:hover .soc-font-icon,\n#phantom .dt-shortcode-soc-icons a.single-soc-icon-5088ca3c0505fe136d86e11f7263d215:hover .soc-font-icon,\n#page .dt-shortcode-soc-icons a.single-soc-icon-5088ca3c0505fe136d86e11f7263d215:hover .soc-icon,\n#phantom .dt-shortcode-soc-icons a.single-soc-icon-5088ca3c0505fe136d86e11f7263d215:hover .soc-icon {\n  color: #2d2d2e;\n  background: none;\n}\n#page .dt-shortcode-soc-icons a.single-soc-icon-5088ca3c0505fe136d86e11f7263d215.dt-icon-hover-bg-on:after,\n#phantom .dt-shortcode-soc-icons a.single-soc-icon-5088ca3c0505fe136d86e11f7263d215.dt-icon-hover-bg-on:after {\n  background: #8192a3;\n}\n#page .dt-shortcode-soc-icons a.single-soc-icon-5088ca3c0505fe136d86e11f7263d215:not(:hover) .soc-font-icon,\n#phantom .dt-shortcode-soc-icons a.single-soc-icon-5088ca3c0505fe136d86e11f7263d215:not(:hover) .soc-font-icon,\n#page .dt-shortcode-soc-icons a.single-soc-icon-5088ca3c0505fe136d86e11f7263d215:not(:hover) .soc-icon,\n#phantom .dt-shortcode-soc-icons a.single-soc-icon-5088ca3c0505fe136d86e11f7263d215:not(:hover) .soc-icon {\n  color: #8192a3;\n  background: none;\n}\n.dt-shortcode-soc-icons a.single-soc-icon-5088ca3c0505fe136d86e11f7263d215 .soc-font-icon,\n.dt-shortcode-soc-icons a.single-soc-icon-5088ca3c0505fe136d86e11f7263d215 .soc-icon {\n  font-size: 20px;\n}\n<\/style><a title=\"Instagram\" href=\"https:\/\/www.instagram.com\/amayse_super_wide_print\/\"  target=\"_blank\"class=\"instagram single-soc-icon-5088ca3c0505fe136d86e11f7263d215 dt-icon-bg-off dt-icon-hover-bg-on  \" ><i class=\"soc-icon soc-font-icon dt-icon-instagram\"><\/i><span class=\"screen-reader-text\">Instagram<\/span><\/a><\/div>[\/vc_column][\/vc_row][\/vc_section]<\/p>\n<\/div>","protected":false},"excerpt":{"rendered":"<p>[vc_section css=&#8221;.vc_custom_1587968445797{margin-bottom: 65px !important;}&#8221;][vc_row][vc_column][vc_column_text] Skal vi hj\u00e6lpe dig med at skabe effektiv og v\u00e6rdiskabende brand eksponering? Har du et projekt i tankerne? Vi vil elske at h\u00f8re om det. [\/vc_column_text][\/vc_column][\/vc_row][vc_row gap=&#8221;35&#8243; equal_height=&#8221;yes&#8221;][vc_column width=&#8221;2\/3&#8243;][vc_raw_html]JTVCd3Bmb3JtcyUyMGlkJTNEJTIyOTY1JTIyJTIwdGl0bGUlM0QlMjJmYWxzZSUyMiUyMGRlc2NyaXB0aW9uJTNEJTIyZmFsc2UlMjIlNUQ=[\/vc_raw_html][\/vc_column][vc_column width=&#8221;1\/3&#8243; css=&#8221;.vc_custom_1587969451030{padding-top: 35px !important;padding-right: 35px !important;padding-bottom: 35px !important;padding-left: 35px !important;background-color: #2d2d2e !important;}&#8221;][vc_column_text] Danmark Headquarters\/Production Tysklandsvej 6, 7100 Vejle Denmark Tel: +45 76&hellip;<\/p>\n","protected":false},"author":3,"featured_media":0,"parent":0,"menu_order":0,"comment_status":"closed","ping_status":"closed","template":"","meta":[],"class_list":["post-75","page","type-page","status-publish","hentry","description-off"],"yoast_head":"<!-- This site is optimized with the Yoast SEO plugin v27.4 - https:\/\/yoast.com\/product\/yoast-seo-wordpress\/ -->\n<title>Kontakt &#8226; Amayse Super Wide Print<\/title>\n<meta name=\"robots\" content=\"index, follow, max-snippet:-1, max-image-preview:large, max-video-preview:-1\" \/>\n<link rel=\"canonical\" href=\"https:\/\/amayse.com\/super-wide-print\/da\/kontakt\/\" \/>\n<meta property=\"og:locale\" content=\"en_GB\" \/>\n<meta property=\"og:type\" content=\"article\" \/>\n<meta property=\"og:title\" content=\"Kontakt &#8226; Amayse Super Wide Print\" \/>\n<meta property=\"og:description\" content=\"[vc_section css=&#8221;.vc_custom_1587968445797{margin-bottom: 65px !important;}&#8221;][vc_row][vc_column][vc_column_text] Skal vi hj\u00e6lpe dig med at skabe effektiv og v\u00e6rdiskabende brand eksponering? Har du et projekt i tankerne? Vi vil elske at h\u00f8re om det. [\/vc_column_text][\/vc_column][\/vc_row][vc_row gap=&#8221;35&#8243; equal_height=&#8221;yes&#8221;][vc_column width=&#8221;2\/3&#8243;][vc_raw_html]JTVCd3Bmb3JtcyUyMGlkJTNEJTIyOTY1JTIyJTIwdGl0bGUlM0QlMjJmYWxzZSUyMiUyMGRlc2NyaXB0aW9uJTNEJTIyZmFsc2UlMjIlNUQ=[\/vc_raw_html][\/vc_column][vc_column width=&#8221;1\/3&#8243; css=&#8221;.vc_custom_1587969451030{padding-top: 35px !important;padding-right: 35px !important;padding-bottom: 35px !important;padding-left: 35px !important;background-color: #2d2d2e !important;}&#8221;][vc_column_text] Danmark Headquarters\/Production Tysklandsvej 6, 7100 Vejle Denmark Tel: +45 76&hellip;\" \/>\n<meta property=\"og:url\" content=\"https:\/\/amayse.com\/super-wide-print\/da\/kontakt\/\" \/>\n<meta property=\"og:site_name\" content=\"Amayse Super Wide Print\" \/>\n<meta property=\"article:publisher\" content=\"https:\/\/www.facebook.com\/AmayseSuperWidePrint\/\" \/>\n<meta property=\"article:modified_time\" content=\"2020-08-05T10:34:12+00:00\" \/>\n<meta name=\"twitter:card\" content=\"summary_large_image\" \/>\n<script type=\"application\/ld+json\" class=\"yoast-schema-graph\">{\"@context\":\"https:\\\/\\\/schema.org\",\"@graph\":[{\"@type\":\"WebPage\",\"@id\":\"https:\\\/\\\/amayse.com\\\/super-wide-print\\\/da\\\/kontakt\\\/\",\"url\":\"https:\\\/\\\/amayse.com\\\/super-wide-print\\\/da\\\/kontakt\\\/\",\"name\":\"Kontakt &#8226; Amayse Super Wide Print\",\"isPartOf\":{\"@id\":\"https:\\\/\\\/amayse.com\\\/super-wide-print\\\/#website\"},\"datePublished\":\"2020-06-05T13:24:32+00:00\",\"dateModified\":\"2020-08-05T10:34:12+00:00\",\"inLanguage\":\"en-GB\",\"potentialAction\":[{\"@type\":\"ReadAction\",\"target\":[\"https:\\\/\\\/amayse.com\\\/super-wide-print\\\/da\\\/kontakt\\\/\"]}]},{\"@type\":\"WebSite\",\"@id\":\"https:\\\/\\\/amayse.com\\\/super-wide-print\\\/#website\",\"url\":\"https:\\\/\\\/amayse.com\\\/super-wide-print\\\/\",\"name\":\"Amayse Super Wide Print\",\"description\":\"\",\"potentialAction\":[{\"@type\":\"SearchAction\",\"target\":{\"@type\":\"EntryPoint\",\"urlTemplate\":\"https:\\\/\\\/amayse.com\\\/super-wide-print\\\/?s={search_term_string}\"},\"query-input\":{\"@type\":\"PropertyValueSpecification\",\"valueRequired\":true,\"valueName\":\"search_term_string\"}}],\"inLanguage\":\"en-GB\"}]}<\/script>\n<!-- \/ Yoast SEO plugin. -->","yoast_head_json":{"title":"Kontakt &#8226; Amayse Super Wide Print","robots":{"index":"index","follow":"follow","max-snippet":"max-snippet:-1","max-image-preview":"max-image-preview:large","max-video-preview":"max-video-preview:-1"},"canonical":"https:\/\/amayse.com\/super-wide-print\/da\/kontakt\/","og_locale":"en_GB","og_type":"article","og_title":"Kontakt &#8226; Amayse Super Wide Print","og_description":"[vc_section css=&#8221;.vc_custom_1587968445797{margin-bottom: 65px !important;}&#8221;][vc_row][vc_column][vc_column_text] Skal vi hj\u00e6lpe dig med at skabe effektiv og v\u00e6rdiskabende brand eksponering? Har du et projekt i tankerne? Vi vil elske at h\u00f8re om det. [\/vc_column_text][\/vc_column][\/vc_row][vc_row gap=&#8221;35&#8243; equal_height=&#8221;yes&#8221;][vc_column width=&#8221;2\/3&#8243;][vc_raw_html]JTVCd3Bmb3JtcyUyMGlkJTNEJTIyOTY1JTIyJTIwdGl0bGUlM0QlMjJmYWxzZSUyMiUyMGRlc2NyaXB0aW9uJTNEJTIyZmFsc2UlMjIlNUQ=[\/vc_raw_html][\/vc_column][vc_column width=&#8221;1\/3&#8243; css=&#8221;.vc_custom_1587969451030{padding-top: 35px !important;padding-right: 35px !important;padding-bottom: 35px !important;padding-left: 35px !important;background-color: #2d2d2e !important;}&#8221;][vc_column_text] Danmark Headquarters\/Production Tysklandsvej 6, 7100 Vejle Denmark Tel: +45 76&hellip;","og_url":"https:\/\/amayse.com\/super-wide-print\/da\/kontakt\/","og_site_name":"Amayse Super Wide Print","article_publisher":"https:\/\/www.facebook.com\/AmayseSuperWidePrint\/","article_modified_time":"2020-08-05T10:34:12+00:00","twitter_card":"summary_large_image","schema":{"@context":"https:\/\/schema.org","@graph":[{"@type":"WebPage","@id":"https:\/\/amayse.com\/super-wide-print\/da\/kontakt\/","url":"https:\/\/amayse.com\/super-wide-print\/da\/kontakt\/","name":"Kontakt &#8226; Amayse Super Wide Print","isPartOf":{"@id":"https:\/\/amayse.com\/super-wide-print\/#website"},"datePublished":"2020-06-05T13:24:32+00:00","dateModified":"2020-08-05T10:34:12+00:00","inLanguage":"en-GB","potentialAction":[{"@type":"ReadAction","target":["https:\/\/amayse.com\/super-wide-print\/da\/kontakt\/"]}]},{"@type":"WebSite","@id":"https:\/\/amayse.com\/super-wide-print\/#website","url":"https:\/\/amayse.com\/super-wide-print\/","name":"Amayse Super Wide Print","description":"","potentialAction":[{"@type":"SearchAction","target":{"@type":"EntryPoint","urlTemplate":"https:\/\/amayse.com\/super-wide-print\/?s={search_term_string}"},"query-input":{"@type":"PropertyValueSpecification","valueRequired":true,"valueName":"search_term_string"}}],"inLanguage":"en-GB"}]}},"_links":{"self":[{"href":"https:\/\/amayse.com\/super-wide-print\/wp-json\/wp\/v2\/pages\/75","targetHints":{"allow":["GET"]}}],"collection":[{"href":"https:\/\/amayse.com\/super-wide-print\/wp-json\/wp\/v2\/pages"}],"about":[{"href":"https:\/\/amayse.com\/super-wide-print\/wp-json\/wp\/v2\/types\/page"}],"author":[{"embeddable":true,"href":"https:\/\/amayse.com\/super-wide-print\/wp-json\/wp\/v2\/users\/3"}],"replies":[{"embeddable":true,"href":"https:\/\/amayse.com\/super-wide-print\/wp-json\/wp\/v2\/comments?post=75"}],"version-history":[{"count":7,"href":"https:\/\/amayse.com\/super-wide-print\/wp-json\/wp\/v2\/pages\/75\/revisions"}],"predecessor-version":[{"id":1356,"href":"https:\/\/amayse.com\/super-wide-print\/wp-json\/wp\/v2\/pages\/75\/revisions\/1356"}],"wp:attachment":[{"href":"https:\/\/amayse.com\/super-wide-print\/wp-json\/wp\/v2\/media?parent=75"}],"curies":[{"name":"wp","href":"https:\/\/api.w.org\/{rel}","templated":true}]}}